{"id":11800,"date":"2017-07-10T09:27:45","date_gmt":"2017-07-10T13:27:45","guid":{"rendered":"https:\/\/clicketmortar.com\/contact\/"},"modified":"2025-07-15T17:35:21","modified_gmt":"2025-07-15T21:35:21","slug":"contact","status":"publish","type":"page","link":"https:\/\/clicketmortar.com\/en\/contact\/","title":{"rendered":"Contact"},"content":{"rendered":"[vc_row type=&#8221;full_width_background&#8221; full_screen_row_position=&#8221;middle&#8221; column_margin=&#8221;default&#8221; column_direction=&#8221;default&#8221; column_direction_tablet=&#8221;default&#8221; column_direction_phone=&#8221;default&#8221; bg_image=&#8221;13865&#8243; bg_position=&#8221;center center&#8221; bg_repeat=&#8221;no-repeat&#8221; scene_position=&#8221;center&#8221; text_color=&#8221;dark&#8221; text_align=&#8221;left&#8221; row_border_radius=&#8221;none&#8221; row_border_radius_applies=&#8221;bg&#8221; color_overlay=&#8221;#09308e&#8221; overlay_strength=&#8221;0.8&#8243; gradient_direction=&#8221;left_to_right&#8221; shape_divider_position=&#8221;bottom&#8221; bg_image_animation=&#8221;none&#8221; shape_type=&#8221;&#8221;][vc_column column_padding=&#8221;no-extra-padding&#8221; column_padding_tablet=&#8221;inherit&#8221; column_padding_phone=&#8221;inherit&#8221; column_padding_position=&#8221;all&#8221; background_color_opacity=&#8221;1&#8243; background_hover_color_opacity=&#8221;1&#8243; column_shadow=&#8221;none&#8221; column_border_radius=&#8221;none&#8221; column_link_target=&#8221;_self&#8221; gradient_direction=&#8221;left_to_right&#8221; overlay_strength=&#8221;0.3&#8243; width=&#8221;1\/1&#8243; tablet_width_inherit=&#8221;default&#8221; tablet_text_alignment=&#8221;default&#8221; phone_text_alignment=&#8221;default&#8221; column_border_width=&#8221;none&#8221; column_border_style=&#8221;solid&#8221; bg_image_animation=&#8221;none&#8221;][vc_row_inner column_margin=&#8221;default&#8221; column_direction=&#8221;default&#8221; column_direction_tablet=&#8221;default&#8221; column_direction_phone=&#8221;default&#8221; top_padding=&#8221;20vh&#8221; bottom_padding=&#8221;10vh&#8221; text_align=&#8221;left&#8221;][vc_column_inner column_padding=&#8221;no-extra-padding&#8221; column_padding_tablet=&#8221;inherit&#8221; column_padding_phone=&#8221;inherit&#8221; column_padding_position=&#8221;all&#8221; background_color_opacity=&#8221;1&#8243; background_hover_color_opacity=&#8221;1&#8243; column_shadow=&#8221;none&#8221; column_border_radius=&#8221;none&#8221; column_link_target=&#8221;_self&#8221; gradient_direction=&#8221;left_to_right&#8221; overlay_strength=&#8221;0.3&#8243; width=&#8221;1\/1&#8243; tablet_width_inherit=&#8221;default&#8221; column_border_width=&#8221;none&#8221; column_border_style=&#8221;solid&#8221; bg_image_animation=&#8221;none&#8221; enable_animation=&#8221;true&#8221; animation=&#8221;grow-in&#8221; delay=&#8221;500&#8243;][vc_custom_heading text=&#8221;Get in touch!&#8221; font_container=&#8221;tag:h1|font_size:50|text_align:center|color:%23ffffff&#8221; google_fonts=&#8221;font_family:Nunito%3A300%2Cregular%2C700|font_style:400%20regular%3A400%3Anormal&#8221; css_animation=&#8221;fadeIn&#8221; el_class=&#8221;hero-title&#8221;][\/vc_column_inner][\/vc_row_inner][\/vc_column][\/vc_row][vc_row type=&#8221;full_width_background&#8221; full_screen_row_position=&#8221;middle&#8221; column_margin=&#8221;default&#8221; column_direction=&#8221;default&#8221; column_direction_tablet=&#8221;default&#8221; column_direction_phone=&#8221;default&#8221; bg_image=&#8221;5715&#8243; bg_position=&#8221;center center&#8221; bg_repeat=&#8221;no-repeat&#8221; scene_position=&#8221;center&#8221; text_color=&#8221;dark&#8221; text_align=&#8221;left&#8221; row_border_radius=&#8221;none&#8221; row_border_radius_applies=&#8221;bg&#8221; zindex=&#8221;100&#8243; overlay_strength=&#8221;0.95&#8243; gradient_direction=&#8221;left_to_right&#8221; shape_divider_position=&#8221;bottom&#8221; bg_image_animation=&#8221;none&#8221; shape_type=&#8221;&#8221;][vc_column column_padding=&#8221;no-extra-padding&#8221; column_padding_tablet=&#8221;inherit&#8221; column_padding_phone=&#8221;inherit&#8221; column_padding_position=&#8221;all&#8221; top_margin=&#8221;125&#8243; constrain_group_1=&#8221;yes&#8221; bottom_margin=&#8221;125&#8243; background_color_opacity=&#8221;1&#8243; background_hover_color_opacity=&#8221;1&#8243; column_shadow=&#8221;none&#8221; column_border_radius=&#8221;none&#8221; column_link_target=&#8221;_self&#8221; gradient_direction=&#8221;left_to_right&#8221; overlay_strength=&#8221;0.3&#8243; width=&#8221;1\/1&#8243; tablet_width_inherit=&#8221;default&#8221; tablet_text_alignment=&#8221;default&#8221; phone_text_alignment=&#8221;default&#8221; column_border_width=&#8221;none&#8221; column_border_style=&#8221;solid&#8221; bg_image_animation=&#8221;none&#8221; offset=&#8221;vc_hidden-lg vc_hidden-md vc_hidden-sm&#8221;][vc_row_inner column_margin=&#8221;default&#8221; column_direction=&#8221;default&#8221; column_direction_tablet=&#8221;default&#8221; column_direction_phone=&#8221;default&#8221; text_align=&#8221;left&#8221;][vc_column_inner column_padding=&#8221;no-extra-padding&#8221; column_padding_tablet=&#8221;inherit&#8221; column_padding_phone=&#8221;inherit&#8221; column_padding_position=&#8221;all&#8221; centered_text=&#8221;true&#8221; background_color_opacity=&#8221;1&#8243; background_hover_color_opacity=&#8221;1&#8243; font_color=&#8221;#ffffff&#8221; column_shadow=&#8221;none&#8221; column_border_radius=&#8221;none&#8221; column_link_target=&#8221;_self&#8221; gradient_direction=&#8221;left_to_right&#8221; overlay_strength=&#8221;0.3&#8243; width=&#8221;1\/1&#8243; tablet_width_inherit=&#8221;default&#8221; column_border_width=&#8221;none&#8221; column_border_style=&#8221;solid&#8221; bg_image_animation=&#8221;none&#8221; offset=&#8221;vc_col-lg-offset-2 vc_col-lg-8 vc_hidden-lg vc_col-md-offset-2 vc_col-md-8 vc_hidden-md vc_hidden-sm&#8221;][vc_custom_heading text=&#8221;Questions, comments?&#8221; font_container=&#8221;tag:h2|text_align:center|color:%2309308e&#8221; use_theme_fonts=&#8221;yes&#8221; css_animation=&#8221;fadeIn&#8221;][divider line_type=&#8221;Small Line&#8221; line_alignment=&#8221;default&#8221; line_thickness=&#8221;3&#8243; divider_color=&#8221;extra-color-2&#8243; animate=&#8221;yes&#8221; custom_height=&#8221;30&#8243; custom_line_width=&#8221;120&#8243; delay=&#8221;100&#8243;][vc_custom_heading text=&#8221;Don&#8217;t hesitate to contact us!&#8221; font_container=&#8221;tag:h5|text_align:center|color:%23585858&#8243; use_theme_fonts=&#8221;yes&#8221; css_animation=&#8221;fadeIn&#8221; css=&#8221;.vc_custom_1671672307136{padding-bottom: 4% !important;}&#8221;][vc_column_text css_animation=&#8221;fadeIn&#8221; css=&#8221;.vc_custom_1668701872815{margin-top: 0px !important;margin-bottom: 20px !important;padding-top: 0px !important;padding-bottom: 0px !important;}&#8221;]\n<p><center><a class=\"nectar-button medium customBtn fondClair rouge\" style=\"border-color: #DD4A42; top: 0; font-weight: bold; margin-bottom: 0; color: #093080;\" href=\"https:\/\/clickmortar.typeform.com\/to\/Aqpk6qYA\" target=\"_blank\" rel=\"noopener\">Contact_us<\/a><\/center>[\/vc_column_text][\/vc_column_inner][\/vc_row_inner][\/vc_column][\/vc_row][vc_row type=&#8221;full_width_background&#8221; full_screen_row_position=&#8221;middle&#8221; column_margin=&#8221;default&#8221; column_direction=&#8221;default&#8221; column_direction_tablet=&#8221;default&#8221; column_direction_phone=&#8221;default&#8221; bg_image=&#8221;5715&#8243; bg_position=&#8221;center center&#8221; bg_repeat=&#8221;no-repeat&#8221; scene_position=&#8221;center&#8221; text_color=&#8221;dark&#8221; text_align=&#8221;left&#8221; row_border_radius=&#8221;none&#8221; row_border_radius_applies=&#8221;bg&#8221; zindex=&#8221;100&#8243; overlay_strength=&#8221;0.95&#8243; gradient_direction=&#8221;left_to_right&#8221; shape_divider_position=&#8221;bottom&#8221; bg_image_animation=&#8221;none&#8221; shape_type=&#8221;&#8221;][vc_column column_padding=&#8221;no-extra-padding&#8221; column_padding_tablet=&#8221;inherit&#8221; column_padding_phone=&#8221;inherit&#8221; column_padding_position=&#8221;all&#8221; top_margin=&#8221;80&#8243; bottom_margin=&#8221;-20%&#8221; background_color_opacity=&#8221;1&#8243; background_hover_color_opacity=&#8221;1&#8243; column_shadow=&#8221;none&#8221; column_border_radius=&#8221;none&#8221; column_link_target=&#8221;_self&#8221; gradient_direction=&#8221;left_to_right&#8221; overlay_strength=&#8221;0.3&#8243; width=&#8221;1\/1&#8243; tablet_width_inherit=&#8221;default&#8221; tablet_text_alignment=&#8221;default&#8221; phone_text_alignment=&#8221;default&#8221; column_border_width=&#8221;none&#8221; column_border_style=&#8221;solid&#8221; bg_image_animation=&#8221;none&#8221; offset=&#8221;vc_hidden-xs&#8221;][vc_row_inner column_margin=&#8221;default&#8221; column_direction=&#8221;default&#8221; column_direction_tablet=&#8221;default&#8221; column_direction_phone=&#8221;default&#8221; text_align=&#8221;left&#8221;][vc_column_inner column_padding=&#8221;no-extra-padding&#8221; column_padding_tablet=&#8221;inherit&#8221; column_padding_phone=&#8221;inherit&#8221; column_padding_position=&#8221;all&#8221; bottom_margin=&#8221;100&#8243; centered_text=&#8221;true&#8221; background_color_opacity=&#8221;1&#8243; background_hover_color_opacity=&#8221;1&#8243; font_color=&#8221;#ffffff&#8221; column_shadow=&#8221;none&#8221; column_border_radius=&#8221;none&#8221; column_link_target=&#8221;_self&#8221; gradient_direction=&#8221;left_to_right&#8221; overlay_strength=&#8221;0.3&#8243; width=&#8221;1\/1&#8243; tablet_width_inherit=&#8221;default&#8221; column_border_width=&#8221;none&#8221; column_border_style=&#8221;solid&#8221; bg_image_animation=&#8221;none&#8221; offset=&#8221;vc_col-lg-offset-2 vc_col-lg-8 vc_col-md-offset-2 vc_col-md-8&#8243;][vc_custom_heading text=&#8221;You have ambitious objectives. We have the experts to help you get there.&#8221; font_container=&#8221;tag:h2|text_align:center|color:%23093080&#8243; use_theme_fonts=&#8221;yes&#8221; css_animation=&#8221;fadeIn&#8221;][divider line_type=&#8221;Small Line&#8221; line_alignment=&#8221;default&#8221; line_thickness=&#8221;3&#8243; divider_color=&#8221;extra-color-2&#8243; animate=&#8221;yes&#8221; custom_height=&#8221;30&#8243; custom_line_width=&#8221;120&#8243; delay=&#8221;100&#8243;][vc_custom_heading text=&#8221;Do you have specific goals with your online marketing? Do you need expert help to establish a rock-solid digital marketing plan? Tell us where you&#8217;re headed, and we&#8217;ll help you build a foolproof roadmap to get there.&#8221; font_container=&#8221;tag:h5|text_align:center|color:%23585858&#8243; use_theme_fonts=&#8221;yes&#8221; css_animation=&#8221;fadeIn&#8221; css=&#8221;.vc_custom_1727210663869{padding-bottom: 4% !important;}&#8221;][\/vc_column_inner][\/vc_row_inner][vc_raw_html]JTNDZGl2JTIwY2xhc3MlM0QlMjJ0eXBlZm9ybS13aWRnZXQlMjIlMjBkYXRhLXVybCUzRCUyMmh0dHBzJTNBJTJGJTJGZm9ybS50eXBlZm9ybS5jb20lMkZ0byUyRkFxcGs2cVlBJTIyJTIwc3R5bGUlM0QlMjJ3aWR0aCUzQSUyMDEwMCUyNSUzQiUyMGhlaWdodCUzQSUyMDcwMHB4JTNCJTIyJTNFJTNDJTJGZGl2JTNFJTIwJTNDc2NyaXB0JTNFJTIwJTI4ZnVuY3Rpb24lMjglMjklMjAlN0IlMjB2YXIlMjBxcyUyQ2pzJTJDcSUyQ3MlMkNkJTNEZG9jdW1lbnQlMkMlMjBnaSUzRGQuZ2V0RWxlbWVudEJ5SWQlMkMlMjBjZSUzRGQuY3JlYXRlRWxlbWVudCUyQyUyMGd0JTNEZC5nZXRFbGVtZW50c0J5VGFnTmFtZSUyQyUyMGlkJTNEJTIydHlwZWZfb3JtJTIyJTJDJTIwYiUzRCUyMmh0dHBzJTNBJTJGJTJGZW1iZWQudHlwZWZvcm0uY29tJTJGJTIyJTNCJTIwaWYlMjglMjFnaS5jYWxsJTI4ZCUyQ2lkJTI5JTI5JTIwJTdCJTIwanMlM0RjZS5jYWxsJTI4ZCUyQyUyMnNjcmlwdCUyMiUyOSUzQiUyMGpzLmlkJTNEaWQlM0IlMjBqcy5zcmMlM0RiJTJCJTIyZW1iZWQuanMlMjIlM0IlMjBxJTNEZ3QuY2FsbCUyOGQlMkMlMjJzY3JpcHQlMjIlMjklNUIwJTVEJTNCJTIwcS5wYXJlbnROb2RlLmluc2VydEJlZm9yZSUyOGpzJTJDcSUyOSUyMCU3RCUyMCU3RCUyOSUyOCUyOSUyMCUzQyUyRnNjcmlwdCUzRQ==[\/vc_raw_html][\/vc_column][\/vc_row][vc_row type=&#8221;full_width_content&#8221; full_screen_row_position=&#8221;middle&#8221; column_margin=&#8221;default&#8221; column_direction=&#8221;default&#8221; column_direction_tablet=&#8221;default&#8221; column_direction_phone=&#8221;default&#8221; scene_position=&#8221;center&#8221; translate_x_phone=&#8221;2000%&#8221; text_color=&#8221;dark&#8221; text_align=&#8221;left&#8221; row_border_radius=&#8221;none&#8221; row_border_radius_applies=&#8221;bg&#8221; class=&#8221;cm-hide-mobile&#8221; color_overlay=&#8221;#093080&#8243; color_overlay_2=&#8221;#093080&#8243; overlay_strength=&#8221;0.8&#8243; gradient_direction=&#8221;left_to_right&#8221; shape_divider_position=&#8221;bottom&#8221; bg_image_animation=&#8221;none&#8221; shape_type=&#8221;&#8221;][vc_column column_padding=&#8221;no-extra-padding&#8221; column_padding_tablet=&#8221;inherit&#8221; column_padding_phone=&#8221;inherit&#8221; column_padding_position=&#8221;all&#8221; background_color_opacity=&#8221;1&#8243; background_hover_color_opacity=&#8221;1&#8243; column_shadow=&#8221;none&#8221; column_border_radius=&#8221;none&#8221; column_link_target=&#8221;_self&#8221; color_overlay=&#8221;#093080&#8243; color_overlay_2=&#8221;#093080&#8243; gradient_direction=&#8221;left_to_right&#8221; overlay_strength=&#8221;0.5&#8243; width=&#8221;1\/1&#8243; tablet_width_inherit=&#8221;default&#8221; tablet_text_alignment=&#8221;default&#8221; phone_text_alignment=&#8221;default&#8221; column_border_width=&#8221;none&#8221; column_border_style=&#8221;solid&#8221; bg_image_animation=&#8221;none&#8221; enable_animation=&#8221;true&#8221; animation=&#8221;fade-in&#8221;][nectar_gmap map_type=&#8221;google&#8221; zoom=&#8221;14&#8243; marker_style=&#8221;nectar&#8221; nectar_marker_color=&#8221;extra-color-3&#8243; map_greyscale=&#8221;1&#8243; map_color=&#8221;#093080&#8243; size=&#8221;480&#8243; map_center_lat=&#8221;45.50513948729661&#8243; map_center_lng=&#8221;-73.57225740000752&#8243; map_markers=&#8221;45.50513948729661|-73.57225740000752|Click &amp; Mortar, 1100-625 Avenue du Pr\u00e9sident-Kennedy, Montr\u00e9al.&#8221;][\/vc_column][\/vc_row][vc_row type=&#8221;full_width_content&#8221; full_screen_row_position=&#8221;middle&#8221; column_margin=&#8221;default&#8221; equal_height=&#8221;yes&#8221; content_placement=&#8221;middle&#8221; column_direction=&#8221;default&#8221; column_direction_tablet=&#8221;default&#8221; column_direction_phone=&#8221;default&#8221; scene_position=&#8221;center&#8221; text_color=&#8221;custom&#8221; text_align=&#8221;left&#8221; row_border_radius=&#8221;none&#8221; row_border_radius_applies=&#8221;bg&#8221; overlay_strength=&#8221;0.3&#8243; gradient_direction=&#8221;left_to_right&#8221; shape_divider_position=&#8221;bottom&#8221; bg_image_animation=&#8221;none&#8221;][vc_column column_padding=&#8221;padding-10-percent&#8221; column_padding_tablet=&#8221;inherit&#8221; column_padding_phone=&#8221;inherit&#8221; column_padding_position=&#8221;all&#8221; centered_text=&#8221;true&#8221; background_color_opacity=&#8221;1&#8243; background_hover_color_opacity=&#8221;1&#8243; background_image=&#8221;13847&#8243; background_image_position=&#8221;center center&#8221; enable_bg_scale=&#8221;true&#8221; font_color=&#8221;#ffffff&#8221; column_shadow=&#8221;none&#8221; column_border_radius=&#8221;none&#8221; column_link_target=&#8221;_self&#8221; color_overlay=&#8221;#09308e&#8221; gradient_direction=&#8221;left_to_right&#8221; overlay_strength=&#8221;0.8&#8243; width=&#8221;1\/2&#8243; tablet_width_inherit=&#8221;default&#8221; tablet_text_alignment=&#8221;default&#8221; phone_text_alignment=&#8221;default&#8221; column_border_width=&#8221;none&#8221; column_border_style=&#8221;solid&#8221; bg_image_animation=&#8221;none&#8221; enable_animation=&#8221;true&#8221; animation=&#8221;fade-in&#8221;][divider line_type=&#8221;No Line&#8221; custom_height=&#8221;100&#8243;][vc_custom_heading text=&#8221;Contact Us Today!&#8221; font_container=&#8221;tag:h2|text_align:center|color:%23ffffff&#8221; use_theme_fonts=&#8221;yes&#8221;][divider line_type=&#8221;Small Line&#8221; line_alignment=&#8221;default&#8221; line_thickness=&#8221;3&#8243; divider_color=&#8221;extra-color-2&#8243; animate=&#8221;yes&#8221; custom_height=&#8221;30&#8243; custom_line_width=&#8221;120&#8243; delay=&#8221;100&#8243;][vc_custom_heading text=&#8221;No Matter How Big the Challenge \u2013 We\u2019re Here!&#8221; font_container=&#8221;tag:h5|text_align:center|color:%23ffffff&#8221; use_theme_fonts=&#8221;yes&#8221;][divider line_type=&#8221;No Line&#8221; custom_height=&#8221;100&#8243;][\/vc_column][vc_column column_padding=&#8221;padding-10-percent&#8221; column_padding_tablet=&#8221;inherit&#8221; column_padding_phone=&#8221;inherit&#8221; column_padding_position=&#8221;left-right&#8221; top_margin=&#8221;6%&#8221; bottom_margin=&#8221;6%&#8221; background_color_opacity=&#8221;1&#8243; background_hover_color_opacity=&#8221;1&#8243; font_color=&#8221;#585858&#8243; column_shadow=&#8221;none&#8221; column_border_radius=&#8221;none&#8221; column_link_target=&#8221;_self&#8221; gradient_direction=&#8221;left_to_right&#8221; overlay_strength=&#8221;0.3&#8243; width=&#8221;1\/2&#8243; tablet_width_inherit=&#8221;default&#8221; tablet_text_alignment=&#8221;default&#8221; phone_text_alignment=&#8221;default&#8221; column_border_width=&#8221;none&#8221; column_border_style=&#8221;solid&#8221; bg_image_animation=&#8221;none&#8221; enable_animation=&#8221;true&#8221; animation=&#8221;fade-in&#8221;][vc_column_text]\n<h3>Montr\u00e9al<\/h3>\n<p><a href=\"https:\/\/goo.gl\/maps\/zdABT3zuuxYTw6zr7\">85 Rue Saint-Paul O,<\/a><br \/>\n<a href=\"https:\/\/goo.gl\/maps\/zdABT3zuuxYTw6zr7\">Montr\u00e9al, QC H2Y 3V4<\/a><\/p>\n<p><span style=\"font-weight: 500;\">Contact the Marketing Agency of Ambitious Organizations<\/span><\/p>\n<p><a href=\"mailto:hello@clicketmortar.com\">hello@clicketmortar.com<\/a><\/p>\n<h3><\/h3>\n[\/vc_column_text][\/vc_column][\/vc_row]\n","protected":false},"excerpt":{"rendered":"<p>[vc_row type=&#8221;full_width_background&#8221; full_screen_row_position=&#8221;middle&#8221; column_margin=&#8221;default&#8221; column_direction=&#8221;default&#8221; column_direction_tablet=&#8221;default&#8221; column_direction_phone=&#8221;default&#8221; bg_image=&#8221;13865&#8243; bg_position=&#8221;center center&#8221; bg_repeat=&#8221;no-repeat&#8221; scene_position=&#8221;center&#8221; text_color=&#8221;dark&#8221; text_align=&#8221;left&#8221; row_border_radius=&#8221;none&#8221; row_border_radius_applies=&#8221;bg&#8221; color_overlay=&#8221;#09308e&#8221; overlay_strength=&#8221;0.8&#8243; gradient_direction=&#8221;left_to_right&#8221; shape_divider_position=&#8221;bottom&#8221; bg_image_animation=&#8221;none&#8221; shape_type=&#8221;&#8221;][vc_column column_padding=&#8221;no-extra-padding&#8221; column_padding_tablet=&#8221;inherit&#8221; column_padding_phone=&#8221;inherit&#8221; column_padding_position=&#8221;all&#8221; background_color_opacity=&#8221;1&#8243; background_hover_color_opacity=&#8221;1&#8243; column_shadow=&#8221;none&#8221; column_border_radius=&#8221;none&#8221;&#8230;<\/p>\n","protected":false},"author":4,"featured_media":0,"parent":0,"menu_order":0,"comment_status":"closed","ping_status":"closed","template":"","meta":{"footnotes":""},"class_list":["post-11800","page","type-page","status-publish"],"yoast_head":"<!-- This site is optimized with the Yoast SEO plugin v27.1.1 - https:\/\/yoast.com\/product\/yoast-seo-wordpress\/ -->\n<title>Click &amp; Mortar | Contact Us<\/title>\n<meta name=\"description\" content=\"Contact Click &amp; Mortar and discover our one-of-a-kind formula to boost your digital marketing performance.\" \/>\n<meta name=\"robots\" content=\"index, follow, max-snippet:-1, max-image-preview:large, max-video-preview:-1\" \/>\n<link rel=\"canonical\" href=\"https:\/\/clicketmortar.com\/en\/contact\/\" \/>\n<meta property=\"og:locale\" content=\"en_US\" \/>\n<meta property=\"og:type\" content=\"article\" \/>\n<meta property=\"og:title\" content=\"Click &amp; Mortar | Contact Us\" \/>\n<meta property=\"og:description\" content=\"Contact Click &amp; Mortar and discover our one-of-a-kind formula to boost your digital marketing performance.\" \/>\n<meta property=\"og:url\" content=\"https:\/\/clicketmortar.com\/en\/contact\/\" \/>\n<meta property=\"og:site_name\" content=\"Click &amp; Mortar\" \/>\n<meta property=\"article:publisher\" content=\"https:\/\/www.facebook.com\/ClicketMortar\/\" \/>\n<meta property=\"article:modified_time\" content=\"2025-07-15T21:35:21+00:00\" \/>\n<meta property=\"og:image\" content=\"https:\/\/clicketmortar.com\/wp-content\/uploads\/2021\/04\/cm_opengraph_900x600.jpg\" \/>\n\t<meta property=\"og:image:width\" content=\"900\" \/>\n\t<meta property=\"og:image:height\" content=\"600\" \/>\n\t<meta property=\"og:image:type\" content=\"image\/jpeg\" \/>\n<meta name=\"twitter:card\" content=\"summary_large_image\" \/>\n<meta name=\"twitter:site\" content=\"@ClicketMortar\" \/>\n<meta name=\"twitter:label1\" content=\"Est. reading time\" \/>\n\t<meta name=\"twitter:data1\" content=\"3 minutes\" \/>\n<!-- \/ Yoast SEO plugin. -->","yoast_head_json":{"title":"Click & Mortar | Contact Us","description":"Contact Click & Mortar and discover our one-of-a-kind formula to boost your digital marketing performance.","robots":{"index":"index","follow":"follow","max-snippet":"max-snippet:-1","max-image-preview":"max-image-preview:large","max-video-preview":"max-video-preview:-1"},"canonical":"https:\/\/clicketmortar.com\/en\/contact\/","og_locale":"en_US","og_type":"article","og_title":"Click & Mortar | Contact Us","og_description":"Contact Click & Mortar and discover our one-of-a-kind formula to boost your digital marketing performance.","og_url":"https:\/\/clicketmortar.com\/en\/contact\/","og_site_name":"Click &amp; Mortar","article_publisher":"https:\/\/www.facebook.com\/ClicketMortar\/","article_modified_time":"2025-07-15T21:35:21+00:00","og_image":[{"width":900,"height":600,"url":"https:\/\/clicketmortar.com\/wp-content\/uploads\/2021\/04\/cm_opengraph_900x600.jpg","type":"image\/jpeg"}],"twitter_card":"summary_large_image","twitter_site":"@ClicketMortar","twitter_misc":{"Est. reading time":"3 minutes"},"schema":{"@context":"https:\/\/schema.org","@graph":[{"@type":"WebPage","@id":"https:\/\/clicketmortar.com\/en\/contact\/","url":"https:\/\/clicketmortar.com\/en\/contact\/","name":"Click & Mortar | Contact Us","isPartOf":{"@id":"https:\/\/clicketmortar.com\/#website"},"datePublished":"2017-07-10T13:27:45+00:00","dateModified":"2025-07-15T21:35:21+00:00","description":"Contact Click & Mortar and discover our one-of-a-kind formula to boost your digital marketing performance.","breadcrumb":{"@id":"https:\/\/clicketmortar.com\/en\/contact\/#breadcrumb"},"inLanguage":"en-CA","potentialAction":[{"@type":"ReadAction","target":["https:\/\/clicketmortar.com\/en\/contact\/"]}]},{"@type":"BreadcrumbList","@id":"https:\/\/clicketmortar.com\/en\/contact\/#breadcrumb","itemListElement":[{"@type":"ListItem","position":1,"name":"Home","item":"https:\/\/clicketmortar.com\/en\/"},{"@type":"ListItem","position":2,"name":"Contact"}]},{"@type":"WebSite","@id":"https:\/\/clicketmortar.com\/#website","url":"https:\/\/clicketmortar.com\/","name":"Click &amp; Mortar","description":"Entreprendre \u00e0 l&#039;\u00e8re num\u00e9rique","publisher":{"@id":"https:\/\/clicketmortar.com\/#organization"},"potentialAction":[{"@type":"SearchAction","target":{"@type":"EntryPoint","urlTemplate":"https:\/\/clicketmortar.com\/?s={search_term_string}"},"query-input":{"@type":"PropertyValueSpecification","valueRequired":true,"valueName":"search_term_string"}}],"inLanguage":"en-CA"},{"@type":"Organization","@id":"https:\/\/clicketmortar.com\/#organization","name":"Click & Mortar","url":"https:\/\/clicketmortar.com\/","logo":{"@type":"ImageObject","inLanguage":"en-CA","@id":"https:\/\/clicketmortar.com\/#\/schema\/logo\/image\/","url":"","contentUrl":"","caption":"Click & Mortar"},"image":{"@id":"https:\/\/clicketmortar.com\/#\/schema\/logo\/image\/"},"sameAs":["https:\/\/www.facebook.com\/ClicketMortar\/","https:\/\/x.com\/ClicketMortar","https:\/\/www.linkedin.com\/company\/10788381?trk=prof-exp-company-name","https:\/\/www.youtube.com\/channel\/UC7Sf1F0_CkQmMGre1_3jBIg"]}]}},"_links":{"self":[{"href":"https:\/\/clicketmortar.com\/en\/wp-json\/wp\/v2\/pages\/11800","targetHints":{"allow":["GET"]}}],"collection":[{"href":"https:\/\/clicketmortar.com\/en\/wp-json\/wp\/v2\/pages"}],"about":[{"href":"https:\/\/clicketmortar.com\/en\/wp-json\/wp\/v2\/types\/page"}],"author":[{"embeddable":true,"href":"https:\/\/clicketmortar.com\/en\/wp-json\/wp\/v2\/users\/4"}],"replies":[{"embeddable":true,"href":"https:\/\/clicketmortar.com\/en\/wp-json\/wp\/v2\/comments?post=11800"}],"version-history":[{"count":0,"href":"https:\/\/clicketmortar.com\/en\/wp-json\/wp\/v2\/pages\/11800\/revisions"}],"wp:attachment":[{"href":"https:\/\/clicketmortar.com\/en\/wp-json\/wp\/v2\/media?parent=11800"}],"curies":[{"name":"wp","href":"https:\/\/api.w.org\/{rel}","templated":true}]}}